{"id":1650,"date":"2024-06-24T16:19:51","date_gmt":"2024-06-24T14:19:51","guid":{"rendered":"https:\/\/www.cngroup.it\/prenove\/"},"modified":"2024-09-25T14:09:09","modified_gmt":"2024-09-25T12:09:09","slug":"prenove","status":"publish","type":"page","link":"https:\/\/www.cngroup.it\/sl\/","title":{"rendered":"Prenove"},"content":{"rendered":"\n<h3 class=\"wp-block-heading bs-danger fMontserrat fw-light\">Strast in \u010dustva za delo, ustvarjanje in \u017eivljenje<\/h3>\n\n<p>CN Group spremlja<strong> celoten postopek prenov<\/strong>, od faze na\u010drtovanja in ocenjevanja stro\u0161kov do predaje nepremi\u010dnine o\u010di\u0161\u010dene in s popolno dokumentacijo<\/p>\n\n<div class=\"wp-block-buttons is-layout-flex wp-block-buttons-is-layout-flex\">\n<div class=\"wp-block-button bottone-rosso-nero\"><a class=\"wp-block-button__link wp-element-button\" href=\"https:\/\/www.cngroup.it\/sl\/prenova-v-trstu\/\">Odkrij<\/a><\/div>\n<\/div>\n","protected":false},"excerpt":{"rendered":"<p>Strast in \u010dustva za delo, ustvarjanje in \u017eivljenje CN Group spremlja celoten postopek prenov, od faze na\u010drtovanja in ocenjevanja stro\u0161kov do predaje nepremi\u010dnine o\u010di\u0161\u010dene in s popolno dokumentacijo<\/p>\n","protected":false},"author":1,"featured_media":0,"parent":0,"menu_order":0,"comment_status":"closed","ping_status":"closed","template":"","meta":{"_acf_changed":false,"footnotes":""},"class_list":["post-1650","page","type-page","status-publish","hentry"],"acf":[],"_links":{"self":[{"href":"https:\/\/www.cngroup.it\/sl\/wp-json\/wp\/v2\/pages\/1650","targetHints":{"allow":["GET"]}}],"collection":[{"href":"https:\/\/www.cngroup.it\/sl\/wp-json\/wp\/v2\/pages"}],"about":[{"href":"https:\/\/www.cngroup.it\/sl\/wp-json\/wp\/v2\/types\/page"}],"author":[{"embeddable":true,"href":"https:\/\/www.cngroup.it\/sl\/wp-json\/wp\/v2\/users\/1"}],"replies":[{"embeddable":true,"href":"https:\/\/www.cngroup.it\/sl\/wp-json\/wp\/v2\/comments?post=1650"}],"version-history":[{"count":1,"href":"https:\/\/www.cngroup.it\/sl\/wp-json\/wp\/v2\/pages\/1650\/revisions"}],"predecessor-version":[{"id":1654,"href":"https:\/\/www.cngroup.it\/sl\/wp-json\/wp\/v2\/pages\/1650\/revisions\/1654"}],"wp:attachment":[{"href":"https:\/\/www.cngroup.it\/sl\/wp-json\/wp\/v2\/media?parent=1650"}],"curies":[{"name":"wp","href":"https:\/\/api.w.org\/{rel}","templated":true}]}}