{"id":1420,"date":"2024-06-24T16:19:51","date_gmt":"2024-06-24T14:19:51","guid":{"rendered":"https:\/\/www.verdefrontiera.it\/cngroup\/renovierungen\/"},"modified":"2024-10-08T11:33:00","modified_gmt":"2024-10-08T09:33:00","slug":"renovierungen","status":"publish","type":"page","link":"https:\/\/www.cngroup.it\/de\/","title":{"rendered":"Renovierungen"},"content":{"rendered":"\n<h3 class=\"wp-block-heading bs-danger fMontserrat fw-light\">Leidenschaft und Emotionen f\u00fcr Arbeiten, Gestalten und Leben<\/h3>\n\n<p>CN Group \u00fcbernimmt den <strong>gesamten Ablauf der Renovierungen<\/strong>, von der Planungs- und Kostensch\u00e4tzung bis zur \u00dcbergabe der gereinigten Immobilie und der vollst\u00e4ndigen Dokumentation.<\/p>\n\n<div class=\"wp-block-buttons is-layout-flex wp-block-buttons-is-layout-flex\">\n<div class=\"wp-block-button bottone-rosso-nero\"><a class=\"wp-block-button__link wp-element-button\" href=\"https:\/\/www.cngroup.it\/de\/renovieren-in-triest\/\">Entdecken<\/a><\/div>\n<\/div>\n","protected":false},"excerpt":{"rendered":"<p>Leidenschaft und Emotionen f\u00fcr Arbeiten, Gestalten und Leben CN Group \u00fcbernimmt den gesamten Ablauf der Renovierungen, von der Planungs- und Kostensch\u00e4tzung bis zur \u00dcbergabe der gereinigten Immobilie und der vollst\u00e4ndigen Dokumentation.<\/p>\n","protected":false},"author":1,"featured_media":0,"parent":0,"menu_order":0,"comment_status":"closed","ping_status":"closed","template":"","meta":{"_acf_changed":false,"footnotes":""},"class_list":["post-1420","page","type-page","status-publish","hentry"],"acf":[],"_links":{"self":[{"href":"https:\/\/www.cngroup.it\/de\/wp-json\/wp\/v2\/pages\/1420","targetHints":{"allow":["GET"]}}],"collection":[{"href":"https:\/\/www.cngroup.it\/de\/wp-json\/wp\/v2\/pages"}],"about":[{"href":"https:\/\/www.cngroup.it\/de\/wp-json\/wp\/v2\/types\/page"}],"author":[{"embeddable":true,"href":"https:\/\/www.cngroup.it\/de\/wp-json\/wp\/v2\/users\/1"}],"replies":[{"embeddable":true,"href":"https:\/\/www.cngroup.it\/de\/wp-json\/wp\/v2\/comments?post=1420"}],"version-history":[{"count":3,"href":"https:\/\/www.cngroup.it\/de\/wp-json\/wp\/v2\/pages\/1420\/revisions"}],"predecessor-version":[{"id":2095,"href":"https:\/\/www.cngroup.it\/de\/wp-json\/wp\/v2\/pages\/1420\/revisions\/2095"}],"wp:attachment":[{"href":"https:\/\/www.cngroup.it\/de\/wp-json\/wp\/v2\/media?parent=1420"}],"curies":[{"name":"wp","href":"https:\/\/api.w.org\/{rel}","templated":true}]}}